{"id":3,"date":"2021-12-20T10:20:10","date_gmt":"2021-12-20T10:20:10","guid":{"rendered":"https:\/\/sorlasean.eus\/?page_id=3"},"modified":"2022-03-08T10:35:45","modified_gmt":"2022-03-08T10:35:45","slug":"politica-de-privacidad","status":"publish","type":"page","link":"https:\/\/sorlasean.eus\/es\/politica-de-privacidad\/","title":{"rendered":"Pol\u00edtica de privacidad"},"content":{"rendered":"<p>[et_pb_section fb_built=&#8221;1&#8243; admin_label=&#8221;section&#8221; _builder_version=&#8221;3.22&#8243; global_colors_info=&#8221;{}&#8221;][et_pb_row admin_label=&#8221;row&#8221; _builder_version=&#8221;3.25&#8243; background_size=&#8221;initial&#8221; background_position=&#8221;top_left&#8221; background_repeat=&#8221;repeat&#8221; global_colors_info=&#8221;{}&#8221;][et_pb_column type=&#8221;4_4&#8243; _builder_version=&#8221;3.25&#8243; custom_padding=&#8221;|||&#8221; global_colors_info=&#8221;{}&#8221; custom_padding__hover=&#8221;|||&#8221;][et_pb_text admin_label=&#8221;Text&#8221; _builder_version=&#8221;4.14.8&#8243; background_size=&#8221;initial&#8221; background_position=&#8221;top_left&#8221; background_repeat=&#8221;repeat&#8221; hover_enabled=&#8221;0&#8243; global_colors_info=&#8221;{}&#8221; sticky_enabled=&#8221;0&#8243;]<\/p>\n<h1 style=\"text-align: center;\">Pol\u00edtica de privacidad<\/h1>\n<p>Esta es la pol\u00edtica de privacidad de sorlasean.eus. Su privacidad es muy importante para nosotros\/as, y a trav\u00e9s de esta pol\u00edtica queremos aclararle qu\u00e9 datos personales suyos tratamos, por qu\u00e9 lo hacemos y durante cu\u00e1nto tiempo, y c\u00f3mo puede ejercer sus derechos para gestionarlos.<\/p>\n<p>Por favor, lea cuidadosamente esta pol\u00edtica de privacidad para comprender bien c\u00f3mo protegemos sus datos personales.<\/p>\n<p><strong>Sorlasean.eus<\/strong><\/p>\n<p>Sorlasean.eus es una web creada y gestionada por Josune Garc\u00eda de Biku\u00f1a con el objetivo de informar sobre mis actividades profesionales.<\/p>\n<p><strong>\u00bfQu\u00e9 datos personales tuyos tratamos?<\/strong><\/p>\n<p>Datos personales son cualquier informaci\u00f3n relacionada con una persona f\u00edsica identificada o identificable que usted nos proporcione voluntariamente (por ejemplo, a trav\u00e9s del formulario online de nuestro sitio web o a trav\u00e9s de los formularios de comentarios).<\/p>\n<p><strong>\u00bfCon qu\u00e9 fines tratamos sus datos personales?<\/strong><\/p>\n<p>Tratamos sus datos personales con varios fines:<\/p>\n<p>Usamos sus datos personales para responder a sus consultas, en caso de haberlas, atender sus solicitudes y enviarle, si as\u00ed lo desea y siempre tras suscribirse a nuestro newsletter, un email peri\u00f3dico con los \u00faltimos art\u00edculos publicados.<\/p>\n<p>Sus datos personales pueden ser utilizados para cumplir con los reglamentos aplicables, responder a peticiones o reclamaciones de las autoridades p\u00fablicas y gubernamentales, incluyendo aquellas de fuera de su pa\u00eds de residencia, o para proteger nuestros derechos, privacidad, seguridad o propiedad.<\/p>\n<p>Es posible que usemos sus datos personales para enviarle mensajes promocionales, marketing, informaci\u00f3n acerca de Sorlasean.eus\u00a0 y dem\u00e1s informaci\u00f3n que pueda ser de su inter\u00e9s. Los mismos se enviar\u00e1n tras tener su conformidad expresa. Odiamos el spam.<\/p>\n<p><strong>Principios observados al recoger y tratar datos personales<\/strong><\/p>\n<p>Ser\u00e1n tratados de tal manera que se garantice una seguridad adecuada de los datos personales, incluida la protecci\u00f3n contra el tratamiento no autorizado o il\u00edcito y contra su p\u00e9rdida, destrucci\u00f3n o da\u00f1o accidental, mediante la aplicaci\u00f3n de medidas t\u00e9cnicas u organizativas apropiadas (\u201cintegridad y confidencialidad\u201d).<\/p>\n<p><strong>\u00bfQui\u00e9n tiene acceso a sus datos personales?<\/strong><\/p>\n<p>Solamente Tarteka Media y yo tenemos acceso ilimitado a estos datos. Ning\u00fan tercero puede tener acceso directo a los datos que conservamos.<\/p>\n<p><strong>\u00bfSobre qu\u00e9 base legal tratamos sus datos personales?<\/strong><\/p>\n<p>El tratamiento estar\u00e1 basado en el consentimiento que usted nos ha dado en relaci\u00f3n con actividades de Sorlasean.eus.<\/p>\n<p><strong>\u00bfCon qui\u00e9n compartimos sus datos personales?<\/strong><\/p>\n<p>Nunca vendemos a nadie ni compartimos sus datos personales con nadie.<\/p>\n<p><strong>\u00bfCu\u00e1les son sus derechos relativos a sus datos personales?<\/strong><\/p>\n<p>A no ser que su petici\u00f3n se considere excesiva o infundada, podr\u00e1 ejercer los siguientes derechos en relaci\u00f3n con sus datos personales:<\/p>\n<p>Tiene derecho a solicitar informaci\u00f3n concerniente a sus datos personales.<br \/>Tiene derecho a solicitar una copia de todos sus datos en un formato est\u00e1ndar.<br \/>Tiene derecho a modificar o corregir sus datos personales si son incorrectos.<br \/>Tiene derecho a solicitar la limitaci\u00f3n de ciertas actividades de tratamiento en determinadas circunstancias.<br \/>Tiene derecho a oponerse a ciertas actividades de tratamiento.<br \/>Tiene derecho a retirar su consentimiento.<br \/>Tiene derecho a hacer que se eliminen sus datos personales en determinadas circunstancias.<\/p>\n<p>Puede ejercer cualquiera de sus derechos f\u00e1cilmente rellenando y enviando nuestro formulario online.<\/p>\n<p>Adem\u00e1s, tiene derecho a presentar una queja a sus autoridades de supervisi\u00f3n locales si piensa que nuestro tratamiento de sus datos personales no cumple la legislaci\u00f3n aplicable.<\/p>\n<p><strong>\u00bfD\u00f3nde y por cu\u00e1nto tiempo almacenamos sus datos personales?<\/strong><\/p>\n<p>Sus datos personales se almacenan de forma tanto electr\u00f3nica como manual. Almacenamos sus datos personales de una forma que permite la identificaci\u00f3n durante no m\u00e1s tiempo del necesario para los fines para los que son tratados sus datos. Este periodo de retenci\u00f3n var\u00eda en funci\u00f3n del tipo de datos personales tratados, la finalidad del tratamiento y otros factores.<\/p>\n<p>Los datos personales de personas que recojamos fuera del \u00e1mbito de un contrato en el contexto de nuestras actividades comerciales ser\u00e1n conservados durante un (1) a\u00f1o despu\u00e9s de haberse convertido en irrelevantes.<\/p>\n<p><strong>\u00bfQu\u00e9 medidas de seguridad se toman para salvaguardar sus datos personales?<\/strong><\/p>\n<p>Continuamente estamos implantando y actualizando nuestras medidas de seguridad para ayudar a proteger sus datos personales y dem\u00e1s informaci\u00f3n contra el acceso no autorizado, la p\u00e9rdida, la destrucci\u00f3n o la alteraci\u00f3n. Hacemos todo lo que est\u00e1 en nuestra mano para garantizar que la totalidad de la informaci\u00f3n sea almacenada de forma segura, y pedimos a nuestros proveedores de servicios que apliquen medidas de seguridad adecuadas.<\/p>\n<p><strong>Cookies y otras tecnolog\u00edas de seguimiento<\/strong><\/p>\n<p>Cuando visita nuestros sitios web, es posible que almacenemos cierta informaci\u00f3n en sus dispositivos en forma de cookie. Por favor, lea cuidadosamente nuestra <a href=\"https:\/\/sorlasean.eus\/es\/politica-de-cookies\/\">pol\u00edtica de cookies<\/a> para que pueda comprender bien c\u00f3mo las aplicamos o utilizamos.<\/p>\n<p><strong>Contactar conmigo<\/strong><\/p>\n<p>Si tiene alguna pregunta acerca de esta pol\u00edtica de privacidad, o si quiere ejercer alguno de sus derechos tal como se han descrito, por favor, p\u00f3ngase en contacto con nosotros\/as a trav\u00e9s de la siguiente direcci\u00f3n de email: <a href=\"mailto:info@sorlasean.eus\">info@sorlasean.eus<\/a>.<\/p>\n<p>[\/et_pb_text][\/et_pb_column][\/et_pb_row][\/et_pb_section]<\/p>\n","protected":false},"excerpt":{"rendered":"<p>Pol\u00edtica de privacidad Esta es la pol\u00edtica de privacidad de sorlasean.eus. Su privacidad es muy importante para nosotros\/as, y a trav\u00e9s de esta pol\u00edtica queremos aclararle qu\u00e9 datos personales suyos tratamos, por qu\u00e9 lo hacemos y durante cu\u00e1nto tiempo, y c\u00f3mo puede ejercer sus derechos para gestionarlos. Por favor, lea cuidadosamente esta pol\u00edtica de privacidad [&hellip;]<\/p>\n","protected":false},"author":1,"featured_media":0,"parent":0,"menu_order":0,"comment_status":"closed","ping_status":"open","template":"","meta":{"_et_pb_use_builder":"on","_et_pb_old_content":"<p>Pol\u00edtica de privacidad<br \/>Esta es la pol\u00edtica de privacidad de xxx. Su privacidad es muy importante para nosotros, y a trav\u00e9s de esta pol\u00edtica queremos aclararle qu\u00e9 datos personales suyos tratamos, por qu\u00e9 lo hacemos y durante cu\u00e1nto tiempo, y c\u00f3mo puede ejercer sus derechos para gestionarlos.<br \/>Por favor, lea cuidadosamente esta pol\u00edtica de privacidad para comprender bien c\u00f3mo protegemos sus datos personales.<br \/>xxx (nombre oficial de la entidad)<br \/>xxxx es una web creada y gestionada por\u00a0 xxx con el objetivo de informar sobre los temas que me apasionan y preocupan.<\/p><p>\u00bfQu\u00e9 datos personales tuyos tratamos?<br \/>Datos personales son cualquier informaci\u00f3n relacionada con una persona f\u00edsica identificada o identificable que usted nos proporcione voluntariamente (por ejemplo, a trav\u00e9s del formulario online de nuestro sitio web o a trav\u00e9s de los formularios de comentarios).<br \/>\u00bfCon qu\u00e9 fines tratamos sus datos personales?<br \/>Tratamos sus datos personales con varios fines:<br \/>Usamos sus datos personales para responder a sus consultas, en caso de haberlas, atender sus solicitudes y enviarle, si as\u00ed lo desea y siempre tras suscribirse a nuestro newsletter, un email peri\u00f3dico con los \u00faltimos art\u00edculos publicados. <br \/>Sus datos personales pueden ser utilizados para cumplir con los reglamentos aplicables, responder a peticiones o reclamaciones de las autoridades p\u00fablicas y gubernamentales, incluyendo aquellas de fuera de su pa\u00eds de residencia, o para proteger nuestros derechos, privacidad, seguridad o propiedad.<br \/>Es posible que usemos sus datos personales para enviarle mensajes promocionales, marketing, informaci\u00f3n acerca dexxx y dem\u00e1s informaci\u00f3n que pueda ser de su inter\u00e9s. Los mismos se enviar\u00e1n tras tener su conformidad expresa. Odiamos el spam.<br \/>Principios observados al recoger y tratar datos personales<br \/>Ser\u00e1n tratados de tal manera que se garantice una seguridad adecuada de los datos personales, incluida la protecci\u00f3n contra el tratamiento no autorizado o il\u00edcito y contra su p\u00e9rdida, destrucci\u00f3n o da\u00f1o accidental, mediante la aplicaci\u00f3n de medidas t\u00e9cnicas u organizativas apropiadas (\u201cintegridad y confidencialidad\u201d).<br \/>\u00bfQui\u00e9n tiene acceso a sus datos personales?<br \/>Solamente xxx tiene acceso ilimitado a estos datos. Ning\u00fan tercero puede tener acceso directo a los datos que conservamos.<br \/>\u00bfSobre qu\u00e9 base legal tratamos sus datos personales?<br \/>El tratamiento estar\u00e1 basado en el consentimiento que usted nos ha dado en relaci\u00f3n con actividades de Txoko Digital.<\/p><p>\u00bfCon qui\u00e9n compartimos sus datos personales?<br \/>Nunca vendemos a nadie ni compartimos sus datos personales con nadie.<\/p><p>\u00bfCu\u00e1les son sus derechos relativos a sus datos personales?<br \/>A no ser que su petici\u00f3n se considere excesiva o infundada, podr\u00e1 ejercer los siguientes derechos en relaci\u00f3n con sus datos personales:<br \/>Tiene derecho a solicitar informaci\u00f3n concerniente a sus datos personales.\u2028<br \/>Tiene derecho a solicitar una copia de todos sus datos en un formato est\u00e1ndar.\u2028<br \/>Tiene derecho a modificar o corregir sus datos personales si son incorrectos.\u2028<br \/>Tiene derecho a solicitar la limitaci\u00f3n de ciertas actividades de tratamiento en determinadas circunstancias.\u2028<br \/>Tiene derecho a oponerse a ciertas actividades de tratamiento.\u2028<br \/>Tiene derecho a retirar su consentimiento.\u2028<br \/>Tiene derecho a hacer que se eliminen sus datos personales en determinadas circunstancias.\u2028<br \/>Puede ejercer cualquiera de sus derechos f\u00e1cilmente rellenando y enviando nuestro formulario online.\u2028<br \/>Adem\u00e1s, tiene derecho a presentar una queja a sus autoridades de supervisi\u00f3n locales si piensa que nuestro tratamiento de sus datos personales no cumple la legislaci\u00f3n aplicable.<br \/>\u00bfD\u00f3nde y por cu\u00e1nto tiempo almacenamos sus datos personales?<br \/>Sus datos personales se almacenan de forma tanto electr\u00f3nica como manual. Almacenamos sus datos personales de una forma que permite la identificaci\u00f3n durante no m\u00e1s tiempo del necesario para los fines para los que son tratados sus datos. Este periodo de retenci\u00f3n var\u00eda en funci\u00f3n del tipo de datos personales tratados, la finalidad del tratamiento y otros factores.<br \/>Los datos personales de individuos que recojamos fuera del \u00e1mbito de un contrato en el contexto de nuestras actividades comerciales ser\u00e1n conservados durante un (1) a\u00f1o despu\u00e9s de haberse convertido en irrelevantes.<br \/>\u00bfQu\u00e9 medidas de seguridad se toman para salvaguardar sus datos personales?<br \/>Continuamente estamos implantando y actualizando nuestras medidas de seguridad para ayudar a proteger sus datos personales y dem\u00e1s informaci\u00f3n contra el acceso no autorizado, la p\u00e9rdida, la destrucci\u00f3n o la alteraci\u00f3n. Hacemos todo lo que est\u00e1 en nuestra mano para garantizar que la totalidad de la informaci\u00f3n sea almacenada de forma segura, y pedimos a nuestros proveedores de servicios que apliquen medidas de seguridad adecuadas.<br \/>Cookies y otras tecnolog\u00edas de seguimiento<br \/>Cuando visita nuestros sitios web, es posible que almacenemos cierta informaci\u00f3n en sus dispositivos en forma de cookie. Por favor, lea cuidadosamente nuestra pol\u00edtica de cookies para que pueda comprender bien c\u00f3mo las aplicamos o utilizamos.<br \/>Contactar con nosotros<br \/>Si tiene alguna pregunta acerca de esta pol\u00edtica de privacidad, o si quiere ejercer alguno de sus derechos tal como se han descrito, por favor, p\u00f3ngase en contacto con nosotros a trav\u00e9s de la siguiente direcci\u00f3n de email:<\/p><p>xxxx.<\/p>","_et_gb_content_width":"","_monsterinsights_skip_tracking":false,"_monsterinsights_sitenote_active":false,"_monsterinsights_sitenote_note":"","_monsterinsights_sitenote_category":0,"footnotes":""},"class_list":["post-3","page","type-page","status-publish","hentry"],"_links":{"self":[{"href":"https:\/\/sorlasean.eus\/es\/wp-json\/wp\/v2\/pages\/3","targetHints":{"allow":["GET"]}}],"collection":[{"href":"https:\/\/sorlasean.eus\/es\/wp-json\/wp\/v2\/pages"}],"about":[{"href":"https:\/\/sorlasean.eus\/es\/wp-json\/wp\/v2\/types\/page"}],"author":[{"embeddable":true,"href":"https:\/\/sorlasean.eus\/es\/wp-json\/wp\/v2\/users\/1"}],"replies":[{"embeddable":true,"href":"https:\/\/sorlasean.eus\/es\/wp-json\/wp\/v2\/comments?post=3"}],"version-history":[{"count":0,"href":"https:\/\/sorlasean.eus\/es\/wp-json\/wp\/v2\/pages\/3\/revisions"}],"wp:attachment":[{"href":"https:\/\/sorlasean.eus\/es\/wp-json\/wp\/v2\/media?parent=3"}],"curies":[{"name":"wp","href":"https:\/\/api.w.org\/{rel}","templated":true}]}}