{"id":33,"date":"2022-01-20T18:45:07","date_gmt":"2022-01-20T18:45:07","guid":{"rendered":"https:\/\/sorlasean.eus\/?page_id=33"},"modified":"2024-09-25T06:37:31","modified_gmt":"2024-09-25T06:37:31","slug":"conoceme","status":"publish","type":"page","link":"https:\/\/sorlasean.eus\/es\/conoceme\/","title":{"rendered":"Con\u00f3ceme"},"content":{"rendered":"<p>[et_pb_section fb_built=&#8221;1&#8243; custom_padding_last_edited=&#8221;on|phone&#8221; admin_label=&#8221;Header&#8221; _builder_version=&#8221;4.16&#8243; background_image=&#8221;https:\/\/sorlasean.eus\/wp-content\/uploads\/2022\/01\/SORLASEAN_1920_4jpg.jpg&#8221; parallax=&#8221;on&#8221; custom_padding=&#8221;100px||0vw|||&#8221; custom_padding_tablet=&#8221;40px|||&#8221; custom_padding_phone=&#8221;0px|||&#8221; locked=&#8221;off&#8221; global_colors_info=&#8221;{}&#8221;][et_pb_row column_structure=&#8221;2_5,3_5&#8243; custom_padding_last_edited=&#8221;on|desktop&#8221; _builder_version=&#8221;4.16&#8243; custom_margin=&#8221;|||&#8221; custom_padding=&#8221;|30px||30px||true&#8221; custom_padding_tablet=&#8221;40px||&#8221; custom_padding_phone=&#8221;&#8221; box_shadow_style=&#8221;preset7&#8243; box_shadow_horizontal=&#8221;0px&#8221; box_shadow_vertical=&#8221;154px&#8221; box_shadow_color=&#8221;rgba(255,255,255,0.69)&#8221; global_colors_info=&#8221;{}&#8221;][et_pb_column type=&#8221;2_5&#8243; _builder_version=&#8221;4.16&#8243; custom_padding=&#8221;|||&#8221; custom_padding_last_edited=&#8221;off|desktop&#8221; global_colors_info=&#8221;{}&#8221; custom_padding__hover=&#8221;|||&#8221;][et_pb_text _builder_version=&#8221;4.16&#8243; text_font=&#8221;Roboto|700|||||||&#8221; text_font_size=&#8221;18px&#8221; text_line_height=&#8221;1.8em&#8221; background_layout=&#8221;dark&#8221; locked=&#8221;off&#8221; global_colors_info=&#8221;{}&#8221;][\/et_pb_text][\/et_pb_column][et_pb_column type=&#8221;3_5&#8243; _builder_version=&#8221;4.16&#8243; custom_padding=&#8221;|||&#8221; custom_padding_tablet=&#8221;16px||&#8221; custom_padding_phone=&#8221;16px||&#8221; custom_padding_last_edited=&#8221;on|desktop&#8221; global_colors_info=&#8221;{}&#8221; custom_padding__hover=&#8221;|||&#8221;][et_pb_text _builder_version=&#8221;4.16&#8243; header_font=&#8221;Lora||||||||&#8221; header_text_color=&#8221;#000000&#8243; header_font_size=&#8221;78px&#8221; header_letter_spacing=&#8221;-1px&#8221; header_line_height=&#8221;1.1em&#8221; custom_padding=&#8221;|||6px||&#8221; header_font_size_tablet=&#8221;56px&#8221; header_font_size_phone=&#8221;40px&#8221; header_font_size_last_edited=&#8221;on|phone&#8221; locked=&#8221;off&#8221; global_colors_info=&#8221;{}&#8221;]<\/p>\n<h1>Sobre m\u00ed<\/h1>\n<h1><\/h1>\n<p>[\/et_pb_text][\/et_pb_column][\/et_pb_row][et_pb_row _builder_version=&#8221;4.16&#8243; width=&#8221;100%&#8221; max_width=&#8221;100%&#8221; custom_padding=&#8221;0px||0px|||&#8221; locked=&#8221;off&#8221; global_colors_info=&#8221;{}&#8221;][et_pb_column type=&#8221;4_4&#8243; _builder_version=&#8221;4.16&#8243; custom_padding=&#8221;|||&#8221; global_colors_info=&#8221;{}&#8221; custom_padding__hover=&#8221;|||&#8221;][et_pb_image src=&#8221;https:\/\/sorlasean.eus\/wp-content\/uploads\/2022\/01\/food-bank_57.png&#8221; align=&#8221;right&#8221; align_tablet=&#8221;center&#8221; align_phone=&#8221;center&#8221; align_last_edited=&#8221;on|desktop&#8221; _builder_version=&#8221;4.16&#8243; custom_padding=&#8221;||0px|||&#8221; global_colors_info=&#8221;{}&#8221;][\/et_pb_image][\/et_pb_column][\/et_pb_row][\/et_pb_section][et_pb_section fb_built=&#8221;1&#8243; admin_label=&#8221;Soy Josune&#8221; _builder_version=&#8221;4.17.2&#8243; background_color=&#8221;#FFFFFF&#8221; background_image=&#8221;https:\/\/sorlasean.eus\/wp-content\/uploads\/2022\/01\/JOSUNE_TXIKIA_2.jpg&#8221; custom_padding=&#8221;176px||41px|||&#8221; global_colors_info=&#8221;{}&#8221;][et_pb_row column_structure=&#8221;2_3,1_3&#8243; use_custom_gutter=&#8221;on&#8221; make_equal=&#8221;on&#8221; _builder_version=&#8221;4.16&#8243; locked=&#8221;off&#8221; global_colors_info=&#8221;{}&#8221;][et_pb_column type=&#8221;2_3&#8243; _builder_version=&#8221;4.16&#8243; custom_padding=&#8221;|||&#8221; global_colors_info=&#8221;{}&#8221; custom_padding__hover=&#8221;|||&#8221;][et_pb_divider color=&#8221;RGBA(255,255,255,0)&#8221; divider_weight=&#8221;40px&#8221; _builder_version=&#8221;4.17.3&#8243; background_image=&#8221;https:\/\/sorlasean.eus\/wp-content\/uploads\/2022\/01\/ORBANAK-08-1.png&#8221; background_size=&#8221;contain&#8221; transform_scale=&#8221;78%|78%&#8221; transform_translate=&#8221;43px|-4px&#8221; vertical_offset=&#8221;-38px&#8221; horizontal_offset=&#8221;-89px&#8221; z_index=&#8221;-10&#8243; max_width=&#8221;360px&#8221; height=&#8221;40px&#8221; custom_margin=&#8221;||-34px|-40px&#8221; filter_hue_rotate=&#8221;263deg&#8221; animation_style=&#8221;zoom&#8221; animation_direction=&#8221;left&#8221; animation_duration=&#8221;1350ms&#8221; global_colors_info=&#8221;{}&#8221;][\/et_pb_divider][et_pb_text _builder_version=&#8221;4.16&#8243; text_font=&#8221;||||||||&#8221; text_font_size=&#8221;20px&#8221; text_line_height=&#8221;2em&#8221; header_font=&#8221;||||||||&#8221; header_2_font=&#8221;Lora|700|||||||&#8221; header_2_font_size=&#8221;60px&#8221; header_2_line_height=&#8221;1.2em&#8221; module_alignment=&#8221;left&#8221; text_font_size_tablet=&#8221;&#8221; text_font_size_phone=&#8221;16px&#8221; text_font_size_last_edited=&#8221;on|desktop&#8221; header_2_font_size_tablet=&#8221;48px&#8221; header_2_font_size_phone=&#8221;32px&#8221; header_2_font_size_last_edited=&#8221;on|tablet&#8221; global_colors_info=&#8221;{}&#8221;]<\/p>\n<h2>Soy Josune, creadora del proyecto Sorlasean<\/h2>\n<p>El sal\u00f3n de la casa fue el primer escenario que pis\u00e9, y all\u00ed encontr\u00e9 el lenguaje con el que conectarme al mundo. Hoy cuento cuentos en escenarios, plazas y rincones maravillosos.<\/p>\n<p>[\/et_pb_text][\/et_pb_column][et_pb_column type=&#8221;1_3&#8243; _builder_version=&#8221;4.16&#8243; custom_padding=&#8221;|||&#8221; global_colors_info=&#8221;{}&#8221; custom_padding__hover=&#8221;|||&#8221;][\/et_pb_column][\/et_pb_row][et_pb_row column_structure=&#8221;1_3,1_3,1_3&#8243; _builder_version=&#8221;4.16&#8243; global_colors_info=&#8221;{}&#8221;][et_pb_column type=&#8221;1_3&#8243; _builder_version=&#8221;4.16&#8243; custom_padding=&#8221;|||&#8221; global_colors_info=&#8221;{}&#8221; custom_padding__hover=&#8221;|||&#8221;][et_pb_image src=&#8221;https:\/\/sorlasean.eus\/wp-content\/uploads\/2022\/02\/ORBANAK_SORLASEAN-08.png&#8221; title_text=&#8221;ORBANAK_SORLASEAN-08&#8243; _builder_version=&#8221;4.16&#8243; _module_preset=&#8221;default&#8221; transform_translate=&#8221;-37px|-114px&#8221; filter_opacity=&#8221;74%&#8221; mix_blend_mode=&#8221;multiply&#8221; animation_style=&#8221;slide&#8221; animation_direction=&#8221;left&#8221; animation_delay=&#8221;350ms&#8221; animation_intensity_slide=&#8221;23%&#8221; animation_starting_opacity=&#8221;17%&#8221; global_colors_info=&#8221;{}&#8221;][\/et_pb_image][et_pb_text _builder_version=&#8221;4.16&#8243; text_font_size=&#8221;18px&#8221; text_line_height=&#8221;2em&#8221; header_font=&#8221;Finger Paint||||||||&#8221; header_4_font=&#8221;Finger Paint|700|||||||&#8221; header_4_text_color=&#8221;#7f009b&#8221; header_4_font_size=&#8221;20px&#8221; header_4_line_height=&#8221;1.2em&#8221; transform_translate=&#8221;0px|-227px&#8221; transform_translate_linked=&#8221;off&#8221; width_tablet=&#8221;auto&#8221; width_phone=&#8221;auto&#8221; width_last_edited=&#8221;on|desktop&#8221; global_colors_info=&#8221;{}&#8221;]<\/p>\n<h4><span style=\"color: #077191;\">,M\u00fasica\u00a0<\/span><span style=\"color: #0e6c8c;\"><br \/><\/span><\/h4>\n<p>Desde muy peque\u00f1a me sent\u00ed atra\u00edda por la m\u00fasica. El viol\u00edn fue el primer instrumento que toqu\u00e9. Luego vino la trikitixa, la bater\u00eda, la percusi\u00f3n y el canto. Cuando ten\u00eda 15 a\u00f1os pasaba las tardes en el local de ensayo y m\u00e1s de 20 a\u00f1os despu\u00e9s, son muchos los escenarios que mis pies han conocido.<\/p>\n<p>[\/et_pb_text][\/et_pb_column][et_pb_column type=&#8221;1_3&#8243; _builder_version=&#8221;4.16&#8243; custom_padding=&#8221;|||&#8221; global_colors_info=&#8221;{}&#8221; custom_padding__hover=&#8221;|||&#8221;][et_pb_text _builder_version=&#8221;4.16&#8243; text_font_size=&#8221;18px&#8221; text_line_height=&#8221;2em&#8221; header_font=&#8221;||||||||&#8221; header_4_font=&#8221;Finger Paint|700|||||||&#8221; header_4_text_color=&#8221;#7f009b&#8221; header_4_font_size=&#8221;20px&#8221; header_4_line_height=&#8221;1.2em&#8221; global_colors_info=&#8221;{}&#8221;]<\/p>\n<h4><span style=\"color: #077191;\">Pinitos en la escena<\/span><\/h4>\n<p>A esa misma edad, hice el primer curso de teatro y m\u00e1s tarde decid\u00ed formarme como actriz en el Taller de Artes Esc\u00e9nicas de Vitoria. Tambi\u00e9n, he recibido formaci\u00f3n extensa en clown y narraci\u00f3n oral.<\/p>\n<p>[\/et_pb_text][\/et_pb_column][et_pb_column type=&#8221;1_3&#8243; _builder_version=&#8221;4.16&#8243; custom_padding=&#8221;|||&#8221; global_colors_info=&#8221;{}&#8221; custom_padding__hover=&#8221;|||&#8221;][\/et_pb_column][\/et_pb_row][\/et_pb_section][et_pb_section fb_built=&#8221;1&#8243; admin_label=&#8221;La Danza&#8221; _builder_version=&#8221;4.17.2&#8243; global_colors_info=&#8221;{}&#8221;][et_pb_row column_structure=&#8221;1_2,1_2&#8243; _builder_version=&#8221;4.16&#8243; global_colors_info=&#8221;{}&#8221;][et_pb_column type=&#8221;1_2&#8243; _builder_version=&#8221;4.16&#8243; custom_padding=&#8221;|||&#8221; global_colors_info=&#8221;{}&#8221; custom_padding__hover=&#8221;|||&#8221;][et_pb_image src=&#8221;https:\/\/sorlasean.eus\/wp-content\/uploads\/2022\/01\/food-bank_73.png&#8221; title_text=&#8221;JOSUNE_MUSIKA&#8221; align_tablet=&#8221;center&#8221; align_phone=&#8221;center&#8221; align_last_edited=&#8221;on|desktop&#8221; _builder_version=&#8221;4.16&#8243; background_image=&#8221;https:\/\/sorlasean.eus\/wp-content\/uploads\/2022\/01\/JOSUNE_MUSIKA.jpg&#8221; parallax=&#8221;on&#8221; custom_margin=&#8221;-10vw|||-10vw&#8221; custom_margin_tablet=&#8221;0vw|||&#8221; custom_margin_phone=&#8221;&#8221; custom_margin_last_edited=&#8221;on|tablet&#8221; custom_padding=&#8221;0px||&#8221; global_colors_info=&#8221;{}&#8221; src__hover_enabled=&#8221;on|desktop&#8221; src__hover=&#8221;https:\/\/sorlasean.eus\/wp-content\/uploads\/2022\/01\/food-bank_73.png&#8221;][\/et_pb_image][\/et_pb_column][et_pb_column type=&#8221;1_2&#8243; _builder_version=&#8221;4.16&#8243; custom_padding=&#8221;|||&#8221; global_colors_info=&#8221;{}&#8221; custom_padding__hover=&#8221;|||&#8221;][et_pb_divider color=&#8221;RGBA(255,255,255,0)&#8221; divider_weight=&#8221;40px&#8221; _builder_version=&#8221;4.17.3&#8243; background_image=&#8221;https:\/\/sorlasean.eus\/wp-content\/uploads\/2022\/01\/ORBANAK-09-1.png&#8221; transform_scale=&#8221;48%|48%&#8221; transform_translate=&#8221;104px|-13px&#8221; vertical_offset=&#8221;-22px&#8221; horizontal_offset=&#8221;-45px&#8221; z_index=&#8221;-10&#8243; max_width=&#8221;360px&#8221; height=&#8221;40px&#8221; custom_margin=&#8221;||-34px|-40px&#8221; filter_hue_rotate=&#8221;251deg&#8221; filter_brightness=&#8221;150%&#8221; filter_invert=&#8221;25%&#8221; animation_style=&#8221;fold&#8221; animation_direction=&#8221;left&#8221; animation_duration=&#8221;1100ms&#8221; animation_delay=&#8221;1100ms&#8221; locked=&#8221;off&#8221; global_colors_info=&#8221;{}&#8221;][\/et_pb_divider][et_pb_text _builder_version=&#8221;4.16&#8243; text_font=&#8221;||||||||&#8221; text_font_size=&#8221;20px&#8221; text_line_height=&#8221;2em&#8221; header_font=&#8221;||||||||&#8221; header_2_font=&#8221;Lora|700|||||||&#8221; header_2_font_size=&#8221;50px&#8221; header_2_line_height=&#8221;1.2em&#8221; module_alignment=&#8221;left&#8221; text_font_size_tablet=&#8221;&#8221; text_font_size_phone=&#8221;16px&#8221; text_font_size_last_edited=&#8221;on|desktop&#8221; header_2_font_size_tablet=&#8221;&#8221; header_2_font_size_phone=&#8221;32px&#8221; header_2_font_size_last_edited=&#8221;on|desktop&#8221; locked=&#8221;off&#8221; global_colors_info=&#8221;{}&#8221;]<\/p>\n<h2>La danza otra pasi\u00f3n<\/h2>\n<p><span>La danza y la expresi\u00f3n corporal tambi\u00e9n han tenido una gran presencia en mi carrera. He recibido clases de euskal dantza, danza africana, afrocubana, danza del vientre y de contempor\u00e1neo. Sin embargo, en la exploraci\u00f3n del movimiento y de las posibilidades del cuerpo he encontrado tanto el campo m\u00e1s libre como el m\u00e1s eficaz.<\/span><\/p>\n<p>[\/et_pb_text][\/et_pb_column][\/et_pb_row][\/et_pb_section][et_pb_section fb_built=&#8221;1&#8243; admin_label=&#8221;Universidad&#8221; _builder_version=&#8221;4.17.2&#8243; background_image=&#8221;https:\/\/sorlasean.eus\/wp-content\/uploads\/2022\/01\/SORLASEAN_1920_4.jpg&#8221; background_position=&#8221;bottom_center&#8221; custom_padding=&#8221;0px|||||&#8221; background_last_edited=&#8221;on|tablet&#8221; background_size_tablet=&#8221;contain&#8221; global_colors_info=&#8221;{}&#8221;][et_pb_row column_structure=&#8221;3_5,2_5&#8243; _builder_version=&#8221;4.16&#8243; custom_margin=&#8221;5px|auto|5px|auto|true|&#8221; custom_padding=&#8221;||0px|||&#8221; locked=&#8221;off&#8221; global_colors_info=&#8221;{}&#8221;][et_pb_column type=&#8221;3_5&#8243; _builder_version=&#8221;4.16&#8243; custom_padding=&#8221;|||&#8221; global_colors_info=&#8221;{}&#8221; custom_padding__hover=&#8221;|||&#8221;][et_pb_divider color=&#8221;RGBA(255,255,255,0)&#8221; divider_weight=&#8221;40px&#8221; _builder_version=&#8221;4.17.3&#8243; background_image=&#8221;https:\/\/sorlasean.eus\/wp-content\/uploads\/2022\/01\/ORBANAK-05-1.png&#8221; background_repeat=&#8221;space&#8221; transform_scale=&#8221;84%|84%&#8221; transform_scale_tablet=&#8221;66%|66%&#8221; transform_scale_phone=&#8221;52%|52%&#8221; transform_scale_last_edited=&#8221;on|phone&#8221; transform_translate=&#8221;0px|-24px&#8221; transform_translate_tablet=&#8221;0px|-24px&#8221; transform_translate_phone=&#8221;126px|-22px&#8221; transform_translate_last_edited=&#8221;on|tablet&#8221; transform_rotate_tablet=&#8221;&#8221; transform_rotate_phone=&#8221;&#8221; transform_rotate_last_edited=&#8221;on|tablet&#8221; transform_skew_tablet=&#8221;&#8221; transform_skew_phone=&#8221;&#8221; transform_skew_last_edited=&#8221;on|tablet&#8221; transform_origin_tablet=&#8221;&#8221; transform_origin_phone=&#8221;&#8221; transform_origin_last_edited=&#8221;on|tablet&#8221; transform_styles_last_edited=&#8221;on|phone&#8221; vertical_offset=&#8221;-17px&#8221; horizontal_offset=&#8221;-49px&#8221; z_index=&#8221;-10&#8243; max_width=&#8221;360px&#8221; height=&#8221;40px&#8221; custom_margin=&#8221;||-34px|-40px&#8221; filter_hue_rotate=&#8221;234deg&#8221; filter_saturate=&#8221;116%&#8221; filter_brightness=&#8221;120%&#8221; filter_contrast=&#8221;70%&#8221; filter_invert=&#8221;15%&#8221; animation_style=&#8221;fold&#8221; animation_direction=&#8221;left&#8221; animation_duration=&#8221;1750ms&#8221; animation_delay=&#8221;900ms&#8221; transform_styles_tablet=&#8221;&#8221; transform_styles_phone=&#8221;&#8221; locked=&#8221;off&#8221; global_colors_info=&#8221;{}&#8221;][\/et_pb_divider][et_pb_text _builder_version=&#8221;4.16&#8243; text_font=&#8221;||||||||&#8221; text_font_size=&#8221;20px&#8221; text_line_height=&#8221;2em&#8221; header_font=&#8221;||||||||&#8221; header_2_font=&#8221;Lora|700|||||||&#8221; header_2_font_size=&#8221;50px&#8221; header_2_line_height=&#8221;1.2em&#8221; module_alignment=&#8221;left&#8221; custom_padding=&#8221;||0px|||&#8221; text_font_size_tablet=&#8221;&#8221; text_font_size_phone=&#8221;16px&#8221; text_font_size_last_edited=&#8221;on|desktop&#8221; header_2_font_size_tablet=&#8221;&#8221; header_2_font_size_phone=&#8221;32px&#8221; header_2_font_size_last_edited=&#8221;on|desktop&#8221; locked=&#8221;off&#8221; global_colors_info=&#8221;{}&#8221;]<\/p>\n<h2>Otros mundos<\/h2>\n<p>Por otro lado, mientras estudiaba Periodismo, hice un curso de monitora de tiempo libre que me llev\u00f3 a conocer el mundo de la educaci\u00f3n no formal. Descubr\u00ed un espacio en el que ni\u00f1as, ni\u00f1os y j\u00f3venes pod\u00edan aprender valores, herramientas de comunicaci\u00f3n y relaci\u00f3n, gesti\u00f3n de emociones y muchas cosas m\u00e1s. Ten\u00eda s\u00f3lo 18 a\u00f1os y desde entonces he trabajado sin descanso en diferentes proyectos y espacios.<\/p>\n<p><span style=\"font-size: 20px;\">Adem\u00e1s, he trabajado en proyectos para la normalizaci\u00f3n del euskera y para fomentar el uso de la lengua con j\u00f3venes, adultos y familias.<\/span><\/p>\n<div class=\"row\">\n<div class=\"col-md-12 col-xs-12\">\n<p>Para terminar, y siendo una persona muy curiosa, hace unos diez a\u00f1os inici\u00e9 el proceso de conocer las t\u00e9cnicas de yoga y meditaci\u00f3n.<\/p>\n<\/div>\n<\/div>\n<p>[\/et_pb_text][\/et_pb_column][et_pb_column type=&#8221;2_5&#8243; _builder_version=&#8221;4.16&#8243; custom_padding=&#8221;|||&#8221; global_colors_info=&#8221;{}&#8221; custom_padding__hover=&#8221;|||&#8221;][\/et_pb_column][\/et_pb_row][et_pb_row column_structure=&#8221;1_3,1_3,1_3&#8243; make_equal=&#8221;on&#8221; _builder_version=&#8221;4.16&#8243; custom_padding=&#8221;0px|||||&#8221; locked=&#8221;off&#8221; global_colors_info=&#8221;{}&#8221;][et_pb_column type=&#8221;1_3&#8243; _builder_version=&#8221;4.16&#8243; custom_padding=&#8221;|||&#8221; global_colors_info=&#8221;{}&#8221; custom_padding__hover=&#8221;|||&#8221;][et_pb_divider color=&#8221;RGBA(255,255,255,0)&#8221; divider_weight=&#8221;5px&#8221; _builder_version=&#8221;4.16&#8243; _module_preset=&#8221;default&#8221; background_image=&#8221;https:\/\/sorlasean.eus\/wp-content\/uploads\/2022\/02\/ORBANAK_SORLASEAN-12.png&#8221; background_size=&#8221;contain&#8221; transform_scale=&#8221;60%|60%&#8221; transform_scale_tablet=&#8221;60%|60%&#8221; transform_scale_phone=&#8221;60%|60%&#8221; transform_scale_last_edited=&#8221;on|tablet&#8221; transform_translate=&#8221;-161px|4px&#8221; transform_translate_tablet=&#8221;-387px|12px&#8221; transform_translate_phone=&#8221;-137px|12px&#8221; transform_translate_last_edited=&#8221;on|phone&#8221; transform_rotate_tablet=&#8221;&#8221; transform_rotate_phone=&#8221;&#8221; transform_rotate_last_edited=&#8221;on|tablet&#8221; transform_skew_tablet=&#8221;&#8221; transform_skew_phone=&#8221;&#8221; transform_skew_last_edited=&#8221;on|tablet&#8221; transform_origin_tablet=&#8221;&#8221; transform_origin_phone=&#8221;&#8221; transform_origin_last_edited=&#8221;on|tablet&#8221; transform_styles_last_edited=&#8221;on|phone&#8221; custom_margin=&#8221;-78px||||false|false&#8221; custom_padding=&#8221;248px|25px||4px|false|false&#8221; animation_style=&#8221;zoom&#8221; animation_duration=&#8221;1700ms&#8221; transform_styles_tablet=&#8221;&#8221; transform_styles_phone=&#8221;&#8221; global_colors_info=&#8221;{}&#8221;][\/et_pb_divider][et_pb_text _builder_version=&#8221;4.16&#8243; text_font_size=&#8221;18px&#8221; text_line_height=&#8221;2em&#8221; header_font=&#8221;||||||||&#8221; header_text_color=&#8221;#FFFFFF&#8221; header_4_font=&#8221;Annie Use Your Telescope|700|||||||&#8221; header_4_text_color=&#8221;#ffffff&#8221; header_4_font_size=&#8221;33px&#8221; header_4_line_height=&#8221;1.2em&#8221; transform_translate=&#8221;0px|-184px&#8221; width_tablet=&#8221;auto&#8221; width_phone=&#8221;auto&#8221; width_last_edited=&#8221;on|desktop&#8221; global_colors_info=&#8221;{}&#8221;]<\/p>\n<h4><span style=\"color: #0e6c8c;\"><span style=\"color: #ffffff;\">SORLASEAN<\/span><br \/><\/span><\/h4>\n<p>Sorlasean, crear jugando, es el fruto de la suma de toda la experiencia adquirida en estos \u00e1mbitos. En estas sesiones de acercamiento a las artes esc\u00e9nicas y desarrollo saludable, compartir\u00e9 de forma divertida y constructiva todo lo que ha hecho de mi mundo un lugar mejor.<\/p>\n<p>[\/et_pb_text][\/et_pb_column][et_pb_column type=&#8221;1_3&#8243; _builder_version=&#8221;4.16&#8243; _module_preset=&#8221;default&#8221; global_colors_info=&#8221;{}&#8221;][\/et_pb_column][et_pb_column type=&#8221;1_3&#8243; _builder_version=&#8221;4.16&#8243; custom_padding=&#8221;|||&#8221; global_colors_info=&#8221;{}&#8221; custom_padding__hover=&#8221;|||&#8221;][\/et_pb_column][\/et_pb_row][\/et_pb_section][et_pb_section fb_built=&#8221;1&#8243; prev_background_color=&#8221;#ffffff&#8221; next_background_color=&#8221;RGBA(255,255,255,0)&#8221; admin_label=&#8221;Sponsors&#8221; _builder_version=&#8221;4.17.3&#8243; background_image=&#8221;https:\/\/sorlasean.eus\/wp-content\/uploads\/2022\/01\/food-bank_58.jpg&#8221; parallax=&#8221;on&#8221; background_video_mp4=&#8221;https:\/\/sorlasean.eus\/wp-content\/uploads\/2022\/02\/SORLASEAN_BIDEO_3.mp4&#8243; allow_player_pause=&#8221;on&#8221; background_video_pause_outside_viewport=&#8221;off&#8221; custom_padding=&#8221;220px||117px|12px|false|false&#8221; filter_hue_rotate=&#8221;112deg&#8221; filter_saturate=&#8221;78%&#8221; mix_blend_mode=&#8221;screen&#8221; top_divider_style=&#8221;wave2&#8243; bottom_divider_style=&#8221;waves2&#8243; background_last_edited=&#8221;on|phone&#8221; use_background_color_gradient_tablet=&#8221;off&#8221; background_enable_image_tablet=&#8221;off&#8221; parallax_tablet=&#8221;off&#8221; background_video_mp4_tablet=&#8221;https:\/\/sorlasean.eus\/wp-content\/uploads\/2022\/02\/SORLASEAN_BIDEO_3.mp4&#8243; background_enable_video_mp4_tablet=&#8221;on&#8221; background_video_width_tablet=&#8221;-100&#8243; background_video_width_phone=&#8221;0&#8243; module_alignment_tablet=&#8221;center&#8221; module_alignment_phone=&#8221;center&#8221; module_alignment_last_edited=&#8221;on|tablet&#8221; global_colors_info=&#8221;{}&#8221;][et_pb_row _builder_version=&#8221;4.16&#8243; global_colors_info=&#8221;{}&#8221;][et_pb_column type=&#8221;4_4&#8243; _builder_version=&#8221;4.16&#8243; custom_padding=&#8221;|||&#8221; global_colors_info=&#8221;{}&#8221; custom_padding__hover=&#8221;|||&#8221;][et_pb_text _builder_version=&#8221;4.16&#8243; text_font=&#8221;||||||||&#8221; text_font_size=&#8221;20px&#8221; text_line_height=&#8221;2em&#8221; header_font=&#8221;||||||||&#8221; header_2_font=&#8221;Lora|700|||||||&#8221; header_2_text_color=&#8221;rgba(12,113,195,0.67)&#8221; header_2_font_size=&#8221;60px&#8221; header_2_line_height=&#8221;1.2em&#8221; transform_scale_tablet=&#8221;&#8221; transform_scale_phone=&#8221;&#8221; transform_scale_last_edited=&#8221;on|desktop&#8221; transform_translate_tablet=&#8221;0px|0vw&#8221; transform_translate_phone=&#8221;&#8221; transform_translate_last_edited=&#8221;on|phone&#8221; transform_rotate_tablet=&#8221;&#8221; transform_rotate_phone=&#8221;&#8221; transform_rotate_last_edited=&#8221;on|desktop&#8221; transform_skew_tablet=&#8221;&#8221; transform_skew_phone=&#8221;&#8221; transform_skew_last_edited=&#8221;on|desktop&#8221; transform_origin_tablet=&#8221;&#8221; transform_origin_phone=&#8221;&#8221; transform_origin_last_edited=&#8221;on|desktop&#8221; z_index=&#8221;1&#8243; text_orientation=&#8221;center&#8221; width=&#8221;100%&#8221; max_width=&#8221;1080%&#8221; module_alignment=&#8221;center&#8221; custom_margin=&#8221;|90px||122px||&#8221; custom_padding=&#8221;|||0px||&#8221; filter_hue_rotate=&#8221;236deg&#8221; filter_saturate=&#8221;76%&#8221; filter_contrast=&#8221;155%&#8221; header_2_font_size_tablet=&#8221;48px&#8221; header_2_font_size_phone=&#8221;32px&#8221; header_2_font_size_last_edited=&#8221;on|tablet&#8221; locked=&#8221;off&#8221; global_colors_info=&#8221;{}&#8221;]<\/p>\n<h2>&#8220;SORLASEAN&#8221;<\/h2>\n<h2>El fruto de la suma de todas las experiencias adquiridas en el trayecto<\/h2>\n<p>[\/et_pb_text][\/et_pb_column][\/et_pb_row][\/et_pb_section][et_pb_section fb_built=&#8221;1&#8243; fullwidth=&#8221;on&#8221; _builder_version=&#8221;4.16&#8243; _module_preset=&#8221;default&#8221; background_color=&#8221;RGBA(255,255,255,0)&#8221; transform_scale_tablet=&#8221;&#8221; transform_scale_phone=&#8221;&#8221; transform_scale_last_edited=&#8221;on|tablet&#8221; transform_translate=&#8221;-4px|0px&#8221; transform_translate_tablet=&#8221;-4px|87px&#8221; transform_translate_phone=&#8221;-4px|118px&#8221; transform_translate_last_edited=&#8221;on|phone&#8221; transform_translate_linked_tablet=&#8221;off&#8221; transform_rotate_tablet=&#8221;&#8221; transform_rotate_phone=&#8221;&#8221; transform_rotate_last_edited=&#8221;on|tablet&#8221; transform_skew_tablet=&#8221;&#8221; transform_skew_phone=&#8221;&#8221; transform_skew_last_edited=&#8221;on|tablet&#8221; transform_origin_tablet=&#8221;&#8221; transform_origin_phone=&#8221;&#8221; transform_origin_last_edited=&#8221;on|tablet&#8221; transform_styles_last_edited=&#8221;on|phone&#8221; custom_margin=&#8221;-183px|||||&#8221; transform_styles_tablet=&#8221;&#8221; transform_styles_phone=&#8221;&#8221; global_colors_info=&#8221;{}&#8221;][et_pb_fullwidth_image src=&#8221;https:\/\/sorlasean.eus\/wp-content\/uploads\/2022\/01\/ORBANA_5.png&#8221; title_text=&#8221;ORBANA_5&#8243; _builder_version=&#8221;4.16&#8243; _module_preset=&#8221;default&#8221; transform_translate=&#8221;0px|35px&#8221; transform_translate_linked=&#8221;off&#8221; custom_margin=&#8221;|-8px|||false|false&#8221; custom_padding=&#8221;1px|0px|28px|3px|false|false&#8221; global_colors_info=&#8221;{}&#8221;][\/et_pb_fullwidth_image][\/et_pb_section]<\/p>\n","protected":false},"excerpt":{"rendered":"<p>Sobre m\u00ed Soy Josune, creadora del proyecto Sorlasean El sal\u00f3n de la casa fue el primer escenario que pis\u00e9, y all\u00ed encontr\u00e9 el lenguaje con el que conectarme al mundo. Hoy cuento cuentos en escenarios, plazas y rincones maravillosos.,M\u00fasica\u00a0 Desde muy peque\u00f1a me sent\u00ed atra\u00edda por la m\u00fasica. El viol\u00edn fue el primer instrumento que [&hellip;]<\/p>\n","protected":false},"author":2,"featured_media":0,"parent":0,"menu_order":0,"comment_status":"closed","ping_status":"closed","template":"","meta":{"_et_pb_use_builder":"on","_et_pb_old_content":"","_et_gb_content_width":"","_monsterinsights_skip_tracking":false,"_monsterinsights_sitenote_active":false,"_monsterinsights_sitenote_note":"","_monsterinsights_sitenote_category":0,"footnotes":""},"class_list":["post-33","page","type-page","status-publish","hentry"],"_links":{"self":[{"href":"https:\/\/sorlasean.eus\/es\/wp-json\/wp\/v2\/pages\/33","targetHints":{"allow":["GET"]}}],"collection":[{"href":"https:\/\/sorlasean.eus\/es\/wp-json\/wp\/v2\/pages"}],"about":[{"href":"https:\/\/sorlasean.eus\/es\/wp-json\/wp\/v2\/types\/page"}],"author":[{"embeddable":true,"href":"https:\/\/sorlasean.eus\/es\/wp-json\/wp\/v2\/users\/2"}],"replies":[{"embeddable":true,"href":"https:\/\/sorlasean.eus\/es\/wp-json\/wp\/v2\/comments?post=33"}],"version-history":[{"count":5,"href":"https:\/\/sorlasean.eus\/es\/wp-json\/wp\/v2\/pages\/33\/revisions"}],"predecessor-version":[{"id":1928,"href":"https:\/\/sorlasean.eus\/es\/wp-json\/wp\/v2\/pages\/33\/revisions\/1928"}],"wp:attachment":[{"href":"https:\/\/sorlasean.eus\/es\/wp-json\/wp\/v2\/media?parent=33"}],"curies":[{"name":"wp","href":"https:\/\/api.w.org\/{rel}","templated":true}]}}