{"id":727,"date":"2022-03-01T12:32:34","date_gmt":"2022-03-01T12:32:34","guid":{"rendered":"https:\/\/sorlasean.eus\/?page_id=727"},"modified":"2022-03-08T10:25:49","modified_gmt":"2022-03-08T10:25:49","slug":"politica-de-cookies","status":"publish","type":"page","link":"https:\/\/sorlasean.eus\/es\/politica-de-cookies\/","title":{"rendered":"Pol\u00edtica de cookies"},"content":{"rendered":"<p>[et_pb_section fb_built=&#8221;1&#8243; _builder_version=&#8221;4.14.8&#8243; _module_preset=&#8221;default&#8221; global_colors_info=&#8221;{}&#8221;][et_pb_row _builder_version=&#8221;4.14.8&#8243; _module_preset=&#8221;default&#8221; hover_enabled=&#8221;0&#8243; global_colors_info=&#8221;{}&#8221; sticky_enabled=&#8221;0&#8243;][et_pb_column type=&#8221;4_4&#8243; _builder_version=&#8221;4.14.8&#8243; _module_preset=&#8221;default&#8221; global_colors_info=&#8221;{}&#8221;][et_pb_text _builder_version=&#8221;4.14.8&#8243; _module_preset=&#8221;default&#8221; hover_enabled=&#8221;0&#8243; global_colors_info=&#8221;{}&#8221; sticky_enabled=&#8221;0&#8243;]<\/p>\n<h1 style=\"text-align: center;\">Pol\u00edtica de cookies<\/h1>\n<p>Sorlasean.eus utiliza &#8220;cookies&#8221; con el \u00fanico fin de ofrecer un mejor servicio, m\u00e1s personalizado y ayudar a que la navegaci\u00f3n por sus p\u00e1ginas resulte m\u00e1s f\u00e1cil y ajustada a las preferencias de las personas usuarias.<\/p>\n<p>Una &#8220;cookie&#8221; es un peque\u00f1o fichero de texto que un servidor de p\u00e1ginas Web almacena en la unidad de disco duro del usuario.<\/p>\n<p>Las &#8220;cookies&#8221; no pueden por s\u00ed mismas identificar a una persona ya que no hacen referencia a ning\u00fan dato de car\u00e1cter personal y no se pueden ejecutar como c\u00f3digo o contener virus.<\/p>\n<p>Sorlasean.eus utiliza dos tipos de cookies las propias o t\u00e9cnicas, necesarias para el correcto funcionamiento de la p\u00e1gina y la prestaci\u00f3n de servicios de Sorlasean.eus y las de terceros como las anal\u00edticas, necesarias para el seguimiento y an\u00e1lisis estad\u00edstico de los usuarios que acceden a Sorlasean.eus, o las de redes sociales.<\/p>\n<p><strong>Cookies propias:<\/strong><\/p>\n<p>Estas cookies nos ayudar\u00e1n, por ejemplo, a guardar la configuraci\u00f3n del usuario (idioma y versi\u00f3n de Sorlasean.eus desde la que navega) para que en sus pr\u00f3ximas visitas acceda a la misma versi\u00f3n.<\/p>\n<p><strong>Cookies de terceros:<\/strong><\/p>\n<p>Sorlasean.eus utiliza cookies anal\u00edticas.<\/p>\n<p>Usamos la herramienta Google Analytics para hacer el seguimiento y an\u00e1lisis estad\u00edstico de las personas usuarias que acceden a nuestras p\u00e1ginas.<\/p>\n<p>Estas cookies no identifican a la persona usuaria ni guardan sus datos privados, sino que \u00fanicamente recogen informaci\u00f3n de la navegaci\u00f3n que hacen las personas usuarias de forma an\u00f3nima por Sorlasean.eus para hacer un seguimiento estad\u00edstico de la misma.<\/p>\n<p>Sorlasean.eus utiliza cookies de redes sociales externas como Facebook, Twitter, Pinterest, Instagram, YouTube.<\/p>\n<p>Las cookies sociales son necesarias para controlar la interacci\u00f3n de los usuarios con los widgets y el contenido de las diferentes plataformas sociales dentro de nuestra p\u00e1gina. Las condiciones de utilizaci\u00f3n de estas cookies y la informaci\u00f3n recopilada se regula por la pol\u00edtica de privacidad de la plataforma social correspondiente.<\/p>\n<p>La mayor\u00eda de los navegadores aceptan autom\u00e1ticamente &#8220;cookies&#8221; pero tambi\u00e9n es posible configurarlos para su no aceptaci\u00f3n o bloqueo. Si se desactivan, en este caso la persona usuaria podr\u00e1 navegar por la web pero no se podr\u00e1 guardar la informaci\u00f3n personalizada de su navegaci\u00f3n (idioma, &#8230;).<\/p>\n<p>En la secci\u00f3n &#8220;Ayuda&#8221; de la mayor\u00eda de navegadores se indica como modificar las configuraci\u00f3n de cookies de su navegador:<\/p>\n<p>Chrome: <a href=\"http:\/\/support.google.com\/chrome\/bin\/answer.py?hl=es&amp;answer=95647\" target=\"_blank\" rel=\"noopener\">http:\/\/support.google.com\/chrome\/bin\/answer.py?hl=es&amp;answer=95647<\/a><br \/>Explorer: <a href=\"http:\/\/windows.microsoft.com\/es-es\/windows7\/how-to-manage-cookies-in-internet-explorer-9\" target=\"_blank\" rel=\"noopener\">http:\/\/windows.microsoft.com\/es-es\/windows7\/how-to-manage-cookies-in-internet-explorer-9<\/a><br \/>Firefox: <a href=\"http:\/\/support.mozilla.org\/es\/kb\/habilitar-y-deshabilitar-cookies-que-los-sitios-we\" target=\"_blank\" rel=\"noopener\">http:\/\/support.mozilla.org\/es\/kb\/habilitar-y-deshabilitar-cookies-que-los-sitios-we<\/a><br \/>Safari: <a href=\"http:\/\/support.apple.com\/kb\/ph5042\" target=\"_blank\" rel=\"noopener\">http:\/\/support.apple.com\/kb\/ph5042<\/a><\/p>\n<p>Sorlasean.eus puede modificar esta Pol\u00edtica de Cookies en funci\u00f3n de exigencias legislativas, reglamentarias, o con la finalidad de adaptar dicha pol\u00edtica a las instrucciones dictadas por la Agencia Espa\u00f1ola de Protecci\u00f3n de Datos, por ello se aconseja a las personas usuarias que la visiten peri\u00f3dicamente.<\/p>\n<p>[\/et_pb_text][\/et_pb_column][\/et_pb_row][\/et_pb_section]<\/p>\n","protected":false},"excerpt":{"rendered":"<p>Pol\u00edtica de cookies Sorlasean.eus utiliza &#8220;cookies&#8221; con el \u00fanico fin de ofrecer un mejor servicio, m\u00e1s personalizado y ayudar a que la navegaci\u00f3n por sus p\u00e1ginas resulte m\u00e1s f\u00e1cil y ajustada a las preferencias de las personas usuarias. Una &#8220;cookie&#8221; es un peque\u00f1o fichero de texto que un servidor de p\u00e1ginas Web almacena en la [&hellip;]<\/p>\n","protected":false},"author":1,"featured_media":0,"parent":0,"menu_order":0,"comment_status":"closed","ping_status":"closed","template":"","meta":{"_et_pb_use_builder":"on","_et_pb_old_content":"","_et_gb_content_width":"","_monsterinsights_skip_tracking":false,"_monsterinsights_sitenote_active":false,"_monsterinsights_sitenote_note":"","_monsterinsights_sitenote_category":0,"footnotes":""},"class_list":["post-727","page","type-page","status-publish","hentry"],"_links":{"self":[{"href":"https:\/\/sorlasean.eus\/es\/wp-json\/wp\/v2\/pages\/727","targetHints":{"allow":["GET"]}}],"collection":[{"href":"https:\/\/sorlasean.eus\/es\/wp-json\/wp\/v2\/pages"}],"about":[{"href":"https:\/\/sorlasean.eus\/es\/wp-json\/wp\/v2\/types\/page"}],"author":[{"embeddable":true,"href":"https:\/\/sorlasean.eus\/es\/wp-json\/wp\/v2\/users\/1"}],"replies":[{"embeddable":true,"href":"https:\/\/sorlasean.eus\/es\/wp-json\/wp\/v2\/comments?post=727"}],"version-history":[{"count":0,"href":"https:\/\/sorlasean.eus\/es\/wp-json\/wp\/v2\/pages\/727\/revisions"}],"wp:attachment":[{"href":"https:\/\/sorlasean.eus\/es\/wp-json\/wp\/v2\/media?parent=727"}],"curies":[{"name":"wp","href":"https:\/\/api.w.org\/{rel}","templated":true}]}}